{"id":2,"date":"2023-06-26T20:40:39","date_gmt":"2023-06-26T20:40:39","guid":{"rendered":"https:\/\/geoaventura.pt\/?page_id=2"},"modified":"2023-06-30T10:22:58","modified_gmt":"2023-06-30T10:22:58","slug":"alvara-seguros","status":"publish","type":"page","link":"https:\/\/geoaventura.pt\/en\/alvara-seguros\/","title":{"rendered":"Permit &amp; Insurances"},"content":{"rendered":"<section class=\"l-section wpb_row height_medium\"><div class=\"l-section-h i-cf\"><div class=\"g-cols vc_row via_flex valign_top type_default stacking_default\"><div class=\"vc_col-sm-12 wpb_column vc_column_container\"><div class=\"vc_column-inner\"><div class=\"wpb_wrapper\"><div class=\"wpb_text_column\"><div class=\"wpb_wrapper\"><h3><strong>RNAAT n.\u00ba 52\/2003 \u2013 Geoaventura \u2013 Actividades de Lazer e Desporto, Lda.<\/strong><\/h3>\n<h4>Mandatory Guarantees<\/h4>\n<p><strong>Personal Accident Insurance<\/strong><br \/><strong>Civil Liability and Assistance to People<\/strong><\/p>\n<h4>Personal accidents<\/h4>\n<p>Liberty insurance company<br \/>Policy No. 27\/0002925<br \/>Guaranteed amounts<br \/>Death\/Permanent Disability: \u20ac20,000.00<br \/>Treatment Expenses: \u20ac3,500.00<\/p>\n<h4>Civil Responsability<\/h4>\n<p>Tranquilidade insurance company<br \/>Policy No. 903452<br \/>Guaranteed amounts \u20ac50,000.00<\/p>\n<\/div><\/div><\/div><\/div><\/div><\/div><\/div><\/section>","protected":false},"excerpt":{"rendered":"RNAAT n.\u00ba 52\/2003 \u2013 Geoaventura \u2013 Actividades de Lazer e Desporto, Lda. Garantias Obrigat\u00f3rias Seguros de Acidentes PessoaisResponsabilidade Civil e Assist\u00eancia a Pessoas Acidentes Pessoais Companhia de seguros LibertyAp\u00f3lice n\u00ba27\/0002925Montantes garantidosMorte\/Invalidez Permanente: 20,000.00\u20acDespesas de Tratamento: 3,500.00\u20ac Responsabilidade Civil Companhia de seguros TranquilidadeAp\u00f3lice n\u00ba903452Montantes garantidos 50,000.00\u20ac","protected":false},"author":1,"featured_media":3629,"parent":0,"menu_order":0,"comment_status":"closed","ping_status":"closed","template":"","meta":{"footnotes":""},"class_list":["post-2","page","type-page","status-publish","has-post-thumbnail","hentry"],"_links":{"self":[{"href":"https:\/\/geoaventura.pt\/en\/wp-json\/wp\/v2\/pages\/2","targetHints":{"allow":["GET"]}}],"collection":[{"href":"https:\/\/geoaventura.pt\/en\/wp-json\/wp\/v2\/pages"}],"about":[{"href":"https:\/\/geoaventura.pt\/en\/wp-json\/wp\/v2\/types\/page"}],"author":[{"embeddable":true,"href":"https:\/\/geoaventura.pt\/en\/wp-json\/wp\/v2\/users\/1"}],"replies":[{"embeddable":true,"href":"https:\/\/geoaventura.pt\/en\/wp-json\/wp\/v2\/comments?post=2"}],"version-history":[{"count":4,"href":"https:\/\/geoaventura.pt\/en\/wp-json\/wp\/v2\/pages\/2\/revisions"}],"predecessor-version":[{"id":3626,"href":"https:\/\/geoaventura.pt\/en\/wp-json\/wp\/v2\/pages\/2\/revisions\/3626"}],"wp:featuredmedia":[{"embeddable":true,"href":"https:\/\/geoaventura.pt\/en\/wp-json\/wp\/v2\/media\/3629"}],"wp:attachment":[{"href":"https:\/\/geoaventura.pt\/en\/wp-json\/wp\/v2\/media?parent=2"}],"curies":[{"name":"wp","href":"https:\/\/api.w.org\/{rel}","templated":true}]}}