{"id":3,"date":"2023-06-26T20:40:39","date_gmt":"2023-06-26T20:40:39","guid":{"rendered":"https:\/\/geoaventura.pt\/?page_id=3"},"modified":"2023-07-06T17:36:48","modified_gmt":"2023-07-06T17:36:48","slug":"politica-privacidade","status":"publish","type":"page","link":"https:\/\/geoaventura.pt\/en\/politica-privacidade\/","title":{"rendered":"Privacy Policy"},"content":{"rendered":"<section class=\"l-section wpb_row height_medium\"><div class=\"l-section-h i-cf\"><div class=\"g-cols vc_row via_flex valign_top type_default stacking_default\"><div class=\"vc_col-sm-12 wpb_column vc_column_container\"><div class=\"vc_column-inner\"><div class=\"wpb_wrapper\"><div class=\"wpb_text_column\"><div class=\"wpb_wrapper\"><h2>Enquadramento<\/h2>\n<p>A GeoAventura, doravante designado por <em>site<\/em> ou <em>empresa<\/em>, utiliza o endere\u00e7o de email <a href=\"mailto:geral@geoaventura.pt\">geral@geoaventura.pt<\/a> doravante designado por email, tem como Pol\u00edtica de Privacidade e Pol\u00edtica de Cookies o seguinte:<\/p>\n<h2>Aviso legal<\/h2>\n<p>O conte\u00fado desta p\u00e1gina Web (que inclui mas n\u00e3o se limita a textos, imagens, componentes de \u00e1udio e v\u00eddeo, doravante CONTE\u00daDOS) est\u00e1 protegido pela Lei da Propriedade Intelectual. A distribui\u00e7\u00e3o, modifica\u00e7\u00e3o, transmiss\u00e3o, c\u00f3pia, ou qualquer utiliza\u00e7\u00e3o dos conte\u00fados da p\u00e1gina Web com finalidades p\u00fablicas ou comerciais, sem a autoriza\u00e7\u00e3o da <em>empresa<\/em>, \u00e9 uma infrac\u00e7\u00e3o penalizada pela legisla\u00e7\u00e3o vigente. Por outro lado concede-se uma licen\u00e7a n\u00e3o exclusiva, gratuita e pessoal, para utilizar, copiar, imprimir e transferir (download) para o computador pessoal qualquer material ou documento dispon\u00edvel na p\u00e1gina Web.<\/p>\n<h3>Resolu\u00e7\u00e3o alternativa de lit\u00edgios de consumo<\/h3>\n<p>A resolu\u00e7\u00e3o alternativa de lit\u00edgios \u00e9 a possibilidade que todos os consumidores t\u00eam ao seu dispor de recorrer a entidades oficiais que os ajudem na resolu\u00e7\u00e3o, ou orienta\u00e7\u00e3o de algum conflito, antes de abrirem processos litigiosos nos Tribunais. Regra geral, o procedimento \u00e9 o seguinte: o cliente pede a um terceiro imparcial que intervenha como intermedi\u00e1rio entre si e o comerciante que \u00e9 o alvo da sua reclama\u00e7\u00e3o. O intermedi\u00e1rio pode sugerir uma solu\u00e7\u00e3o para a sua reclama\u00e7\u00e3o, impor uma solu\u00e7\u00e3o a ambas as partes ou reunir as partes para encontrar uma solu\u00e7\u00e3o. Talvez conhe\u00e7a o conceito de resolu\u00e7\u00e3o alternativa de lit\u00edgios por outro nome: \u2018media\u00e7\u00e3o\u2019, \u2018concilia\u00e7\u00e3o\u2019, \u2018arbitragem\u2019 ou \u2018comiss\u00e3o competente no \u00e2mbito dos lit\u00edgios de consumo\u2019. A resolu\u00e7\u00e3o alternativa de lit\u00edgios \u00e9, por norma, menos dispendiosa, menos formal e mais r\u00e1pida do que a via judicial.<\/p>\n<h3>Responsabilidade dos conte\u00fados da p\u00e1gina Web e da sua actualiza\u00e7\u00e3o<\/h3>\n<p>A <em>empresa<\/em> recusa a responsabilidade derivada de uma m\u00e1 utiliza\u00e7\u00e3o dos conte\u00fados e reserva o direito de actualizar, modificar ou eliminar a informa\u00e7\u00e3o contida na p\u00e1gina Web e limitar ou n\u00e3o permitir o acesso a esta informa\u00e7\u00e3o de maneira temporal ou definitiva.<\/p>\n<p>A informa\u00e7\u00e3o inclu\u00edda nestas p\u00e1ginas Web \u00e9 a vigente \u00e0 data da sua \u00faltima actualiza\u00e7\u00e3o e deve ser considerada como uma informa\u00e7\u00e3o orientadora para o utilizador, relativa aos produtos e servi\u00e7os e a outras informa\u00e7\u00f5es adicionais.<\/p>\n<p>A <em>empresa<\/em> n\u00e3o se responsabiliza pelas poss\u00edveis discrep\u00e2ncias que possam surgir entre a vers\u00e3o dos seus documentos impressos e a vers\u00e3o electr\u00f3nica dos mesmos publicada na p\u00e1gina Web. Os conte\u00fados, actividades comerciais, produtos e servi\u00e7os inclu\u00eddos na p\u00e1gina Web da <em>empresa<\/em> e qualquer dos conexos ou vinculados ao mesmo, dirigem-se a consumidores com resid\u00eancia em Portugal, por isso, em qualquer caso ser\u00e1 de aplica\u00e7\u00e3o a Legisla\u00e7\u00e3o Portuguesa sendo competentes os Tribunais Portugueses.<\/p>\n<h2>Pol\u00edtica de privacidade<\/h2>\n<p>Os dados facultados s\u00e3o confidenciais, e ser\u00e3o incorporados num ficheiro automatizado da <em>empresa<\/em>, pelo qual a empresa \u00e9 respons\u00e1vel. Os solicitantes autorizam a <em>empresa <\/em>a ceder os dados \u00e0s sociedades do seu grupo com o fim de atender com dilig\u00eancia o seu pedido. O solicitante tem direito a aceder, rectificar e cancelar estes dados, por via eletr\u00f3nica ou atrav\u00e9s de pedido por <em>email<\/em> atrav\u00e9s do endere\u00e7o ao qual respeitam os dados eletr\u00f3nicos.<\/p>\n<h2>Pol\u00edtica de cookies<\/h2>\n<h3>Defini\u00e7\u00e3o e fun\u00e7\u00e3o de cookies<\/h3>\n<p>O que s\u00e3o cookies? Cookie \u00e9 um ficheiro que se descarrega no seu computador ao aceder a determinadas p\u00e1ginas web. Os cookies permitem a uma p\u00e1gina web, entre outras coisas, armazenar e recuperar informa\u00e7\u00e3o sobre os h\u00e1bitos de navega\u00e7\u00e3o de um utilizador ou do seu equipamento e, consoante a informa\u00e7\u00e3o que contenham e a forma como utiliza o seu equipamento, podem permitir reconhecer o utilizador. Podem recolher tamb\u00e9m, por exemplo, o endere\u00e7o IP que o computador utiliza para aceder ao site, ao URL da p\u00e1gina web solicitada, \u00e0 hora da liga\u00e7\u00e3o e outros par\u00e2metros relativos ao sistema operativo do contexto inform\u00e1tico utilizado.<\/p>\n<p>Os cookies que n\u00e3o s\u00e3o de sess\u00e3o ficam guardados na mem\u00f3ria do navegador do utilizador, apesar de a informa\u00e7\u00e3o que cont\u00eam n\u00e3o ser utilizada.<\/p>\n<h3>Tipos de cookies que utilizamos<\/h3>\n<div class=\"cky-audit-table-element\">\u00a0<\/div>\n<p><a class=\"cky-banner-element\">Gerir configura\u00e7\u00f5es de cookies<\/a><\/p>\n<h3>Que tipos de cookies utiliza o <em>site<\/em>?<\/h3>\n<ul>\n<li><b>Cookies t\u00e9cnicos: <\/b>incluem os cookies de desempenho que servem para ajudar a melhorar a qualidade do nosso servi\u00e7o e os cookies de funcionalidade que permitem armazenar as prefer\u00eancias do utilizador.<\/li>\n<li><b>Cookies estat\u00edsticos:<\/b> recolhem informa\u00e7\u00e3o sobre a data da visita, o URL e o t\u00edtulo da p\u00e1gina web visitada. Os relat\u00f3rios gerados com esta informa\u00e7\u00e3o ser\u00e3o meramente estat\u00edsticos dando informa\u00e7\u00e3o sobre o comportamento de navega\u00e7\u00e3o de forma an\u00f3nima.<\/li>\n<li><b>Cookies anal\u00edticos: <\/b>s\u00e3o utilizados para saber qual o motor de busca a partir do qual visitou o website e que termos de pesquisa se utilizaram para encontr\u00e1-lo. Tamb\u00e9m calculam o tempo passado na web em cada sess\u00e3o e o n\u00famero de vezes que o utilizador visitou a p\u00e1gina.<\/li>\n<\/ul>\n<h4>Tipos de cookies por dura\u00e7\u00e3o<\/h4>\n<p>Os Cookies utilizados no <em>site <\/em>podem ter os seguintes prazos de dura\u00e7\u00e3o:<\/p>\n<ul>\n<li><b>De sess\u00e3o: <\/b>Expiram quando o utilizador termine a sess\u00e3o.<\/li>\n<li><b>De servi\u00e7o: <\/b>Relacionados com algum servi\u00e7o personalizado dentro do site, com vencimento inferior a vinte e quatro horas (24h).<\/li>\n<li><b>Permanentes:<\/b> Ficam permanentemente instalados no seu navegador e s\u00e3o ativados cada vez que visitar o site, desde que n\u00e3o desative o seu uso.<\/li>\n<\/ul>\n<h4>Cookies de terceiros<\/h4>\n<p>Ao utilizar o site alguns cookies n\u00e3o s\u00e3o colocados pela <em>empresa <\/em>mas por terceiros As empresas que geram estas cookies t\u00eam as suas pr\u00f3prias pol\u00edticas de privacidade. Para mais informa\u00e7\u00e3o sobre os cookies que esses terceiros instalam aceda aos seguintes links:<\/p>\n<ul>\n<li><strong>Para Google:<\/strong>\u00a0<a href=\"https:\/\/www.google.es\/intl\/pt-PT\/policies\/technologies\/cookies\/\" target=\"_blank\" rel=\"noopener\">https:\/\/www.google.es\/intl\/pt-PT\/policies\/technologies\/cookies\/<\/a><\/li>\n<li><strong>Para Youtube:<\/strong>\u00a0<a href=\"http:\/\/www.google.es\/intl\/pt-PT\/policies\/privacy\/\" target=\"_blank\" rel=\"noopener noreferrer\">http:\/\/www.google.es\/intl\/pt-PT\/policies\/privacy\/<\/a><\/li>\n<li><strong>Para Facebook:<\/strong>\u00a0<a href=\"https:\/\/www.facebook.com\/help\/cookies\" target=\"_blank\" rel=\"noopener noreferrer\">https:\/\/www.facebook.com\/help\/cookies<\/a><\/li>\n<\/ul>\n<h4>Ativar, bloquear e eliminar cookies<\/h4>\n<p>Pode ativar, bloquear ou eliminar as cookies instaladas no seu equipamento atrav\u00e9s da configura\u00e7\u00e3o das op\u00e7\u00f5es do navegador instalado no seu computador. Caso bloqueie a instala\u00e7\u00e3o de cookies no seu navegador \u00e9 poss\u00edvel que n\u00e3o possa aceder a algumas das sec\u00e7\u00f5es da nossa web.<\/p>\n<p>A gest\u00e3o de cookies \u00e9 feita atrav\u00e9s do seu navegador e para configurar as cookies \u2013 ativar, bloquear ou eliminar \u2013 dever\u00e1 consultar os seguintes links dos principais navegadores e dispositivos:<\/p>\n<ul>\n<li>Para Internet Explorer\u2122:\u00a0<a href=\"http:\/\/windows.microsoft.com\/pt-pt\/internet-explorer\/delete-manage-cookies#ie=ie-10\" target=\"_blank\" rel=\"noopener noreferrer\">http:\/\/windows.microsoft.com\/pt-pt\/internet-explorer\/delete-manage-cookies#ie=ie-10<\/a><\/li>\n<li>Para Safari\u2122:\u00a0<a href=\"http:\/\/support.apple.com\/kb\/HT1677?viewlocale=pt_PT\" target=\"_blank\" rel=\"noopener noreferrer\">http:\/\/support.apple.com\/kb\/HT1677?viewlocale=pt_PT<\/a><\/li>\n<li>Para Chrome\u2122:\u00a0<a href=\"https:\/\/support.google.com\/chrome\/answer\/95647?hl=pt&amp;hlrm=en\" target=\"_blank\" rel=\"noopener noreferrer\">https:\/\/support.google.com\/chrome\/answer\/95647?hl=pt&amp;hlrm=en<\/a><\/li>\n<li>Para Firefox\u2122:\u00a0<a href=\"http:\/\/support.mozilla.org\/pt-BR\/kb\/ativando-e-desativando-cookies\" target=\"_blank\" rel=\"noopener noreferrer\">http:\/\/support.mozilla.org\/pt-BR\/kb\/ativando-e-desativando-cookies<\/a><\/li>\n<li>Para Opera\u2122:\u00a0<a href=\"http:\/\/help.opera.com\/Windows\/12.10\/en\/cookies.html\" target=\"_blank\" rel=\"noopener noreferrer\">http:\/\/help.opera.com\/Windows\/12.10\/en\/cookies.html<\/a><\/li>\n<li>Para Android\u2122:\u00a0<a href=\"https:\/\/support.google.com\/android\/?hl=pt\" target=\"_blank\" rel=\"noopener noreferrer\">https:\/\/support.google.com\/android\/?hl=pt<\/a><\/li>\n<li>Para Windows Phone\u2122:\u00a0<a href=\"http:\/\/www.windowsphone.com\/pt-pt\/how-to\/wp7\/web\/changing-privacy-and-other-browser-settings\" target=\"_blank\" rel=\"noopener noreferrer\">http:\/\/www.windowsphone.com\/pt-pt\/how-to\/wp7\/web\/changing-privacy-and-other-browser-settings<\/a><\/li>\n<li>Para Blackberry\u2122:\u00a0<a href=\"http:\/\/docs.blackberry.com\/pt-br\/smartphone_users\/deliverables\/21583\/Turn_off_cookies_in_the_browser_60_1072866_11.jsp\" target=\"_blank\" rel=\"noopener noreferrer\">http:\/\/docs.blackberry.com\/pt-br\/smartphone_users\/deliverables\/21583\/Turn_off_cookies_in_the_browser_60_1072866_11.jsp<\/a><\/li>\n<li>Para Safari em IOS (iPhone i iPad):\u00a0<a href=\"http:\/\/support.apple.com\/kb\/HT1677?viewlocale=pt_PT\" target=\"_blank\" rel=\"noopener noreferrer\">http:\/\/support.apple.com\/kb\/HT1677?viewlocale=pt_PT<\/a><\/li>\n<li>Para Chrome em Android:\u00a0<a href=\"https:\/\/support.google.com\/chrome\/answer\/2392971?hl=pt\" target=\"_blank\" rel=\"noopener\">https:\/\/support.google.com\/chrome\/answer\/2392971?hl=pt<\/a><\/li>\n<li>Para Firefox em Android:\u00a0<a href=\"http:\/\/support.mozilla.org\/pt-BR\/kb\/limpe-seus-cookies-dados-privados-historico-e-conf\" target=\"_blank\" rel=\"noopener noreferrer\">http:\/\/support.mozilla.org\/pt-BR\/kb\/limpe-seus-cookies-dados-privados-historico-e-conf<\/a><\/li>\n<\/ul>\n<p>Para configurar os cookies de terceiros, uma vez que n\u00e3o s\u00e3o colocados pela <em>empresa<\/em>, dever\u00e1 consultar os sites desses terceiros (acima identificados) para saber como os pode identificar, ativar, bloquear ou eliminar.<\/p>\n<p>Se desejar mais informa\u00e7\u00e3o sobre o uso de cookies solicite-a por <em>email<\/em>.<\/p>\n<\/div><\/div><\/div><\/div><\/div><\/div><\/div><\/section>","protected":false},"excerpt":{"rendered":"Enquadramento A GeoAventura, doravante designado por site ou empresa, utiliza o endere\u00e7o de email geral@geoaventura.pt doravante designado por email, tem como Pol\u00edtica de Privacidade e Pol\u00edtica de Cookies o seguinte: Aviso legal O conte\u00fado desta p\u00e1gina Web (que inclui mas n\u00e3o se limita a textos, imagens, componentes de \u00e1udio e v\u00eddeo, doravante CONTE\u00daDOS) est\u00e1 protegido...","protected":false},"author":1,"featured_media":3632,"parent":0,"menu_order":0,"comment_status":"closed","ping_status":"closed","template":"","meta":{"footnotes":""},"class_list":["post-3","page","type-page","status-publish","has-post-thumbnail","hentry"],"_links":{"self":[{"href":"https:\/\/geoaventura.pt\/en\/wp-json\/wp\/v2\/pages\/3","targetHints":{"allow":["GET"]}}],"collection":[{"href":"https:\/\/geoaventura.pt\/en\/wp-json\/wp\/v2\/pages"}],"about":[{"href":"https:\/\/geoaventura.pt\/en\/wp-json\/wp\/v2\/types\/page"}],"author":[{"embeddable":true,"href":"https:\/\/geoaventura.pt\/en\/wp-json\/wp\/v2\/users\/1"}],"replies":[{"embeddable":true,"href":"https:\/\/geoaventura.pt\/en\/wp-json\/wp\/v2\/comments?post=3"}],"version-history":[{"count":5,"href":"https:\/\/geoaventura.pt\/en\/wp-json\/wp\/v2\/pages\/3\/revisions"}],"predecessor-version":[{"id":3835,"href":"https:\/\/geoaventura.pt\/en\/wp-json\/wp\/v2\/pages\/3\/revisions\/3835"}],"wp:featuredmedia":[{"embeddable":true,"href":"https:\/\/geoaventura.pt\/en\/wp-json\/wp\/v2\/media\/3632"}],"wp:attachment":[{"href":"https:\/\/geoaventura.pt\/en\/wp-json\/wp\/v2\/media?parent=3"}],"curies":[{"name":"wp","href":"https:\/\/api.w.org\/{rel}","templated":true}]}}