{"id":3627,"date":"2023-06-30T10:19:55","date_gmt":"2023-06-30T10:19:55","guid":{"rendered":"https:\/\/geoaventura.pt\/?page_id=3627"},"modified":"2023-06-30T10:19:55","modified_gmt":"2023-06-30T10:19:55","slug":"condicoes-de-comercializacao","status":"publish","type":"page","link":"https:\/\/geoaventura.pt\/en\/condicoes-de-comercializacao\/","title":{"rendered":"Marketing Conditions"},"content":{"rendered":"<section class=\"l-section wpb_row height_medium\"><div class=\"l-section-h i-cf\"><div class=\"g-cols vc_row via_flex valign_top type_default stacking_default\"><div class=\"vc_col-sm-12 wpb_column vc_column_container\"><div class=\"vc_column-inner\"><div class=\"wpb_wrapper\"><div class=\"wpb_text_column\"><div class=\"wpb_wrapper\"><p>\u2013 The reservation of the services mentioned in our proposals will only be confirmed by sending confirmation by email (<a href=\"mailto:geral@geoaventura.pt\">geral@geoaventura.pt<\/a>);<\/p>\n<p>\u2013 Accommodation reservations are dependent on availability at the Hotel Units.<\/p>\n<p>\u2013 Adjudication of the described, any alteration may cause a new value to be budgeted and depends on the possibility of a response by Geoaventura;<\/p>\n<p>\u2013 Cancellation less than 48 hours before the action implies payment of 50% of the budget;<\/p>\n<p>\u2013 The insurance is not activated if the participants are drunk or under the influence of narcotics or other drugs or toxic products not prescribed by a doctor;<\/p>\n<p>\u2013 The company is not responsible for any damage or accident that occurs during the program or activity, which is not covered by the insurance required by law;<\/p>\n<p>\u2013 The activities budgeted above will be guided\/monitored by Geoadventure Monitors.<\/p>\n<p>\u2013 <strong>The budgeted values are considered for the minimum number of participants indicated in each program and do not include VAT at the legal rate.<\/strong><\/p>\n<p>\u2013 <strong>Definitive list of participants to claim insurance (name and date of birth)<\/strong> \u2013 To be sent by email (<a href=\"mailto:geral@geoaventura.pt\">geral@geoaventura.pt<\/a>) up to 48 hours before.<\/p>\n<p>\u2013 Offer of the chosen program to the group organizer for groups over 15 people (does not include food and accommodation).<\/p>\n<p><strong>Payment conditions<\/strong> :<\/p>\n<p><strong>30% before activity<\/strong> (via bank transfer \u2013<strong> NIB: 0035.0210.0001.9126.5306.470% after activity (up to 30 days)<\/strong>. Geoaventura considers the final list sent to the insurance company to be final, so the absence of participants on the day of the activity implies the payment of 50% of the contracted rate.<\/p>\n<\/div><\/div><\/div><\/div><\/div><\/div><\/div><\/section>","protected":false},"excerpt":{"rendered":"\u2013 A reserva dos servi\u00e7os mencionados nas nossas propostas s\u00f3 ser\u00e1 confirmada mediante o envio por parte dos clientes da confirma\u00e7\u00e3o das mesmas por e-mail (geral@geoaventura.pt); \u2013 As reservas de alojamento est\u00e3o dependentes da disponibilidade existente nas Unidades Hoteleiras. \u2013 Adjudica\u00e7\u00e3o do descrito, qualquer altera\u00e7\u00e3o pode provocar novo valor a or\u00e7amentar e depende da possibilidade...","protected":false},"author":1,"featured_media":3557,"parent":0,"menu_order":0,"comment_status":"closed","ping_status":"closed","template":"","meta":{"footnotes":""},"class_list":["post-3627","page","type-page","status-publish","has-post-thumbnail","hentry"],"_links":{"self":[{"href":"https:\/\/geoaventura.pt\/en\/wp-json\/wp\/v2\/pages\/3627","targetHints":{"allow":["GET"]}}],"collection":[{"href":"https:\/\/geoaventura.pt\/en\/wp-json\/wp\/v2\/pages"}],"about":[{"href":"https:\/\/geoaventura.pt\/en\/wp-json\/wp\/v2\/types\/page"}],"author":[{"embeddable":true,"href":"https:\/\/geoaventura.pt\/en\/wp-json\/wp\/v2\/users\/1"}],"replies":[{"embeddable":true,"href":"https:\/\/geoaventura.pt\/en\/wp-json\/wp\/v2\/comments?post=3627"}],"version-history":[{"count":1,"href":"https:\/\/geoaventura.pt\/en\/wp-json\/wp\/v2\/pages\/3627\/revisions"}],"predecessor-version":[{"id":3628,"href":"https:\/\/geoaventura.pt\/en\/wp-json\/wp\/v2\/pages\/3627\/revisions\/3628"}],"wp:featuredmedia":[{"embeddable":true,"href":"https:\/\/geoaventura.pt\/en\/wp-json\/wp\/v2\/media\/3557"}],"wp:attachment":[{"href":"https:\/\/geoaventura.pt\/en\/wp-json\/wp\/v2\/media?parent=3627"}],"curies":[{"name":"wp","href":"https:\/\/api.w.org\/{rel}","templated":true}]}}